{"id":82,"date":"2020-12-04T09:22:18","date_gmt":"2020-12-04T09:22:18","guid":{"rendered":"https:\/\/buttersaeure.ch\/?page_id=82"},"modified":"2020-12-04T09:22:18","modified_gmt":"2020-12-04T09:22:18","slug":"buttersaeure-entfernen-lassen","status":"publish","type":"page","link":"https:\/\/buttersaeure.ch\/index.php\/buttersaeure-entfernen-lassen\/","title":{"rendered":"Butters\u00e4ure entfernen lassen"},"content":{"rendered":"\n<h2 class=\"wp-block-heading\">Butters\u00e4ure entfernen lassen vom spezialisierten Fachbetrieb<br><\/h2>\n\n\n\n<p>Es gibt kaum andere Substanzen, die so intensiv und lang anhaltenden stinken wie&nbsp;Butters\u00e4ure. Die Substanz kann dar\u00fcber hinaus \u00dcbelkeit hervorrufen und zu gesundheitlichen Problemen f\u00fchren. Umso wichtiger ist es, einen erfahrenen Fachbetrieb zu beauftragen, um&nbsp;Geruch nach Butters\u00e4ure zu neutralisieren. Dies kann notwendig werden, wenn die&nbsp;Butters\u00e4ure&nbsp;aus Versehen versch\u00fcttet wurde oder ausgelaufen ist. Leider gibt es jedoch auch unangenehme Zeitgenossen, die&nbsp;Butters\u00e4ure&nbsp;nutzen, um gezielte Anschl\u00e4ge auf die Wohnung, die Gesch\u00e4ftsr\u00e4ume oder die Fahrzeuge Ihrer Mitmenschen ver\u00fcben, etwa aus Neid oder Missgunst. In diesem Fall ist schnelle und professionelle Hilfe unerl\u00e4sslich. Wir von&nbsp;H\u00e4usler&nbsp;Special&nbsp;Cleaning&nbsp;sind Ihr Fachbetrieb f\u00fcr die Entfernung&nbsp;bzw. Neutralisation von&nbsp;Butters\u00e4ure&nbsp;und anderen chemischen Substanzen. Unsere Leistungen erbringen wir in der Region um&nbsp;Volketswil&nbsp;und grossen Teilen der Schweiz. Wir sind f\u00fcr Sie 24 Stunden am Tag an 365 Tagen im Jahr erreichbar und stehen stets zur Verf\u00fcgung, um&nbsp;Butters\u00e4ure&nbsp;zu neutralisieren.<br><\/p>\n\n\n\n<h3 class=\"wp-block-heading\">Machen Sie dem Stinken ein Ende: Zuverl\u00e4ssige&nbsp;Hilfe bei Butters\u00e4ure<br><\/h3>\n\n\n\n<p>Als Fachbetrieb mit Spezialisierung auf unangenehme Ger\u00fcche sind wir in der Lage,&nbsp;Butters\u00e4ure&nbsp;zu entfernen und komplett zu neutralisieren. Auf diese Weise verhindern wir, dass Ihre R\u00e4ume oder Fahrzeuge dauerhaft nach dieser unangenehmen Chemikalie stinken. Selbstverst\u00e4ndlich gew\u00e4hrleisten wir, auch bei&nbsp;Notfall-Eins\u00e4tzen, absolute Diskretion. Denn&nbsp;schliesslich&nbsp;soll nicht jeder erfahren, dass Sie ein Problem mit&nbsp;Butters\u00e4ure&nbsp;haben. Daher sind unsere Fahrzeuge unbeschriftet und lassen somit keinen R\u00fcckschluss auf unsere T\u00e4tigkeit zu. M\u00f6chten Sie&nbsp;Butters\u00e4ure&nbsp;entfernen lassen, kontaktieren Sie uns ganz unkompliziert und auf schnellstem Wege per Telefon unter der Nummer <strong>078 649 50 50<\/strong>, rund um die Uhr. Wir sind dann innerhalb k\u00fcrzester Zeit bei Ihnen vor Ort, um das Problem zu beheben und die&nbsp;Butters\u00e4ure&nbsp;zu neutralisieren.&nbsp;<br><\/p>\n\n\n\n<h3 class=\"wp-block-heading\">Wichtig: Sofort reagieren &amp; Vorsicht walten lassen!<br><\/h3>\n\n\n\n<p>Sich bei ausgelaufener&nbsp;Butters\u00e4ure&nbsp;oder einem Anschlag mit der Chemikalie richtig zu verhalten, ist sehr wichtig. Ber\u00fchren Sie die Fl\u00fcssigkeit in keinem Fall und verlassen Sie nach M\u00f6glichkeit sofort den betroffenen Raum. Um das Stinken einzud\u00e4mmen, k\u00f6nnen Sie die&nbsp;Butters\u00e4ure&nbsp;vorsichtig mit einer Folie abdecken, sofern Sie genau wissen, wo sie sich befindet. Versuchen Sie in keinem Fall selbst, die&nbsp;Butters\u00e4ure&nbsp;zu neutralisieren oder zu entfernen. Um&nbsp;Butters\u00e4ure&nbsp;zu entfernen, muss zun\u00e4chst spezielle Schutzkleidung angelegt werden, da sonst schwere Atemnot und Unwohlsein entstehen k\u00f6nnen. Auch k\u00f6nnen die Atemwege und die Augen stark gereizt werden.&nbsp;Butters\u00e4ure&nbsp;zu neutralisieren ist nur mit geeigneten Reinigungsmitteln&nbsp;bzw. Chemikalien m\u00f6glich, die im normalen Haushalt nicht zur Verf\u00fcgung stehen. Gehen Sie daher kein Risiko ein und \u00fcber lassen Sie es uns, die&nbsp;Butters\u00e4ure&nbsp;zu entfernen. Wir verf\u00fcgen sowohl \u00fcber die entsprechende Ausr\u00fcstung als auch \u00fcber das n\u00f6tige Fachwissen f\u00fcr eine gefahrlose Neutralisation der gef\u00e4hrlichen Chemikalie. Sollten bei Ihnen bereits gesundheitliche Beeintr\u00e4chtigungen durch die&nbsp;Butters\u00e4ure&nbsp;entstanden sein, suchen Sie nach M\u00f6glichkeit sofort einen Arzt auf und lassen Sie sich behandeln. Denn das Stinken der Chemikalie ist noch das geringste \u00dcbel. Schlimmer sind die m\u00f6glichen gesundheitlichen Folgen, die auftreten k\u00f6nnen.&nbsp;<br><\/p>\n\n\n\n<h3 class=\"wp-block-heading\">Individuelle &amp; pers\u00f6nliche Beratung<br><\/h3>\n\n\n\n<p>Selbstverst\u00e4ndlich sind wir nicht nur in Notf\u00e4llen f\u00fcr Sie da. Gerne k\u00f6nnen Sie uns auch kontaktieren, wenn Sie Fragen zum Thema haben oder eine unverbindliche Beratung w\u00fcnschen. Rufen Sie uns an oder schreiben Sie uns eine E-Mail!<\/p>\n","protected":false},"excerpt":{"rendered":"<p>Butters\u00e4ure entfernen lassen vom spezialisierten Fachbetrieb Es gibt kaum andere Substanzen, die so intensiv und lang anhaltenden stinken wie&nbsp;Butters\u00e4ure. Die Substanz kann dar\u00fcber hinaus \u00dcbelkeit hervorrufen und zu gesundheitlichen Problemen f\u00fchren. Umso wichtiger ist es, einen erfahrenen Fachbetrieb zu beauftragen, um&nbsp;Geruch nach Butters\u00e4ure zu neutralisieren. Dies kann notwendig werden, wenn die&nbsp;Butters\u00e4ure&nbsp;aus Versehen versch\u00fcttet wurde oder &hellip; <\/p>\n<p class=\"link-more\"><a href=\"https:\/\/buttersaeure.ch\/index.php\/buttersaeure-entfernen-lassen\/\" class=\"more-link\"><span class=\"screen-reader-text\">\u201eButters\u00e4ure entfernen lassen\u201c <\/span>weiterlesen<\/a><\/p>\n","protected":false},"author":1,"featured_media":0,"parent":0,"menu_order":0,"comment_status":"closed","ping_status":"closed","template":"","meta":{"footnotes":""},"class_list":["post-82","page","type-page","status-publish","hentry"],"yoast_head":"<!-- This site is optimized with the Yoast SEO plugin v26.8 - https:\/\/yoast.com\/product\/yoast-seo-wordpress\/ -->\n<title>Butters\u00e4ure entfernen lassen - Butters\u00e4ure Anschlag<\/title>\n<meta name=\"description\" content=\"Es gibt kaum andere Substanzen, die so intensiv und lang anhaltenden stinken wie Butters\u00e4ure.\" \/>\n<meta name=\"robots\" content=\"index, follow, max-snippet:-1, max-image-preview:large, max-video-preview:-1\" \/>\n<link rel=\"canonical\" href=\"https:\/\/buttersaeure.ch\/index.php\/buttersaeure-entfernen-lassen\/\" \/>\n<meta property=\"og:locale\" content=\"de_DE\" \/>\n<meta property=\"og:type\" content=\"article\" \/>\n<meta property=\"og:title\" content=\"Butters\u00e4ure entfernen lassen - Butters\u00e4ure Anschlag\" \/>\n<meta property=\"og:description\" content=\"Es gibt kaum andere Substanzen, die so intensiv und lang anhaltenden stinken wie Butters\u00e4ure.\" \/>\n<meta property=\"og:url\" content=\"https:\/\/buttersaeure.ch\/index.php\/buttersaeure-entfernen-lassen\/\" \/>\n<meta property=\"og:site_name\" content=\"Butters\u00e4ure Anschlag\" \/>\n<meta name=\"twitter:card\" content=\"summary_large_image\" \/>\n<meta name=\"twitter:label1\" content=\"Gesch\u00e4tzte Lesezeit\" \/>\n\t<meta name=\"twitter:data1\" content=\"3\u00a0Minuten\" \/>\n<script type=\"application\/ld+json\" class=\"yoast-schema-graph\">{\"@context\":\"https:\/\/schema.org\",\"@graph\":[{\"@type\":\"WebPage\",\"@id\":\"https:\/\/buttersaeure.ch\/index.php\/buttersaeure-entfernen-lassen\/\",\"url\":\"https:\/\/buttersaeure.ch\/index.php\/buttersaeure-entfernen-lassen\/\",\"name\":\"Butters\u00e4ure entfernen lassen - Butters\u00e4ure Anschlag\",\"isPartOf\":{\"@id\":\"https:\/\/buttersaeure.ch\/#website\"},\"datePublished\":\"2020-12-04T09:22:18+00:00\",\"description\":\"Es gibt kaum andere Substanzen, die so intensiv und lang anhaltenden stinken wie Butters\u00e4ure.\",\"breadcrumb\":{\"@id\":\"https:\/\/buttersaeure.ch\/index.php\/buttersaeure-entfernen-lassen\/#breadcrumb\"},\"inLanguage\":\"de\",\"potentialAction\":[{\"@type\":\"ReadAction\",\"target\":[\"https:\/\/buttersaeure.ch\/index.php\/buttersaeure-entfernen-lassen\/\"]}]},{\"@type\":\"BreadcrumbList\",\"@id\":\"https:\/\/buttersaeure.ch\/index.php\/buttersaeure-entfernen-lassen\/#breadcrumb\",\"itemListElement\":[{\"@type\":\"ListItem\",\"position\":1,\"name\":\"Startseite\",\"item\":\"https:\/\/buttersaeure.ch\/\"},{\"@type\":\"ListItem\",\"position\":2,\"name\":\"Butters\u00e4ure entfernen lassen\"}]},{\"@type\":\"WebSite\",\"@id\":\"https:\/\/buttersaeure.ch\/#website\",\"url\":\"https:\/\/buttersaeure.ch\/\",\"name\":\"Butters\u00e4ure Anschlag\",\"description\":\"24 Stunden Service\",\"potentialAction\":[{\"@type\":\"SearchAction\",\"target\":{\"@type\":\"EntryPoint\",\"urlTemplate\":\"https:\/\/buttersaeure.ch\/?s={search_term_string}\"},\"query-input\":{\"@type\":\"PropertyValueSpecification\",\"valueRequired\":true,\"valueName\":\"search_term_string\"}}],\"inLanguage\":\"de\"}]}<\/script>\n<!-- \/ Yoast SEO plugin. -->","yoast_head_json":{"title":"Butters\u00e4ure entfernen lassen - Butters\u00e4ure Anschlag","description":"Es gibt kaum andere Substanzen, die so intensiv und lang anhaltenden stinken wie Butters\u00e4ure.","robots":{"index":"index","follow":"follow","max-snippet":"max-snippet:-1","max-image-preview":"max-image-preview:large","max-video-preview":"max-video-preview:-1"},"canonical":"https:\/\/buttersaeure.ch\/index.php\/buttersaeure-entfernen-lassen\/","og_locale":"de_DE","og_type":"article","og_title":"Butters\u00e4ure entfernen lassen - Butters\u00e4ure Anschlag","og_description":"Es gibt kaum andere Substanzen, die so intensiv und lang anhaltenden stinken wie Butters\u00e4ure.","og_url":"https:\/\/buttersaeure.ch\/index.php\/buttersaeure-entfernen-lassen\/","og_site_name":"Butters\u00e4ure Anschlag","twitter_card":"summary_large_image","twitter_misc":{"Gesch\u00e4tzte Lesezeit":"3\u00a0Minuten"},"schema":{"@context":"https:\/\/schema.org","@graph":[{"@type":"WebPage","@id":"https:\/\/buttersaeure.ch\/index.php\/buttersaeure-entfernen-lassen\/","url":"https:\/\/buttersaeure.ch\/index.php\/buttersaeure-entfernen-lassen\/","name":"Butters\u00e4ure entfernen lassen - Butters\u00e4ure Anschlag","isPartOf":{"@id":"https:\/\/buttersaeure.ch\/#website"},"datePublished":"2020-12-04T09:22:18+00:00","description":"Es gibt kaum andere Substanzen, die so intensiv und lang anhaltenden stinken wie Butters\u00e4ure.","breadcrumb":{"@id":"https:\/\/buttersaeure.ch\/index.php\/buttersaeure-entfernen-lassen\/#breadcrumb"},"inLanguage":"de","potentialAction":[{"@type":"ReadAction","target":["https:\/\/buttersaeure.ch\/index.php\/buttersaeure-entfernen-lassen\/"]}]},{"@type":"BreadcrumbList","@id":"https:\/\/buttersaeure.ch\/index.php\/buttersaeure-entfernen-lassen\/#breadcrumb","itemListElement":[{"@type":"ListItem","position":1,"name":"Startseite","item":"https:\/\/buttersaeure.ch\/"},{"@type":"ListItem","position":2,"name":"Butters\u00e4ure entfernen lassen"}]},{"@type":"WebSite","@id":"https:\/\/buttersaeure.ch\/#website","url":"https:\/\/buttersaeure.ch\/","name":"Butters\u00e4ure Anschlag","description":"24 Stunden Service","potentialAction":[{"@type":"SearchAction","target":{"@type":"EntryPoint","urlTemplate":"https:\/\/buttersaeure.ch\/?s={search_term_string}"},"query-input":{"@type":"PropertyValueSpecification","valueRequired":true,"valueName":"search_term_string"}}],"inLanguage":"de"}]}},"_links":{"self":[{"href":"https:\/\/buttersaeure.ch\/index.php\/wp-json\/wp\/v2\/pages\/82","targetHints":{"allow":["GET"]}}],"collection":[{"href":"https:\/\/buttersaeure.ch\/index.php\/wp-json\/wp\/v2\/pages"}],"about":[{"href":"https:\/\/buttersaeure.ch\/index.php\/wp-json\/wp\/v2\/types\/page"}],"author":[{"embeddable":true,"href":"https:\/\/buttersaeure.ch\/index.php\/wp-json\/wp\/v2\/users\/1"}],"replies":[{"embeddable":true,"href":"https:\/\/buttersaeure.ch\/index.php\/wp-json\/wp\/v2\/comments?post=82"}],"version-history":[{"count":1,"href":"https:\/\/buttersaeure.ch\/index.php\/wp-json\/wp\/v2\/pages\/82\/revisions"}],"predecessor-version":[{"id":83,"href":"https:\/\/buttersaeure.ch\/index.php\/wp-json\/wp\/v2\/pages\/82\/revisions\/83"}],"wp:attachment":[{"href":"https:\/\/buttersaeure.ch\/index.php\/wp-json\/wp\/v2\/media?parent=82"}],"curies":[{"name":"wp","href":"https:\/\/api.w.org\/{rel}","templated":true}]}}