{"id":73,"date":"2020-09-01T08:51:15","date_gmt":"2020-09-01T08:51:15","guid":{"rendered":"https:\/\/buttersaeure.ch\/?page_id=73"},"modified":"2020-12-02T12:24:01","modified_gmt":"2020-12-02T12:24:01","slug":"natuerliche-buttersaeure","status":"publish","type":"page","link":"https:\/\/buttersaeure.ch\/index.php\/natuerliche-buttersaeure\/","title":{"rendered":"Nat\u00fcrliche Butters\u00e4ure"},"content":{"rendered":"\n<h2 class=\"wp-block-heading\">Nat\u00fcrliche Butters\u00e4ure \u2013 auch in Lebensmitteln vorhanden<\/h2>\n\n\n\n<p>Butters\u00e4ure ist der&nbsp;Trivialname, d. h. der umgangssprachliche Name f\u00fcr&nbsp;Butans\u00e4ure.&nbsp;Butans\u00e4uren&nbsp;geh\u00f6ren zu den&nbsp;Carbons\u00e4uren&nbsp;und sind damit organische Verbindungen. Der&nbsp;Trivialname&nbsp;Butters\u00e4ure&nbsp;wurde eingef\u00fchrt, weil der Geruch der&nbsp;Butans\u00e4ure&nbsp;an ranzige Butter erinnert.<br><\/p>\n\n\n\n<h3 class=\"wp-block-heading\">Das macht nat\u00fcrliche&nbsp;Butters\u00e4ure&nbsp;aus<\/h3>\n\n\n\n<p>Butters\u00e4ure&nbsp;ist eine einfache&nbsp;Fetts\u00e4ure. Bei Zimmertemperatur ist sie eine farblose Fl\u00fcssigkeit. Es handelt sich um eine \u00e4tzende S\u00e4ure. Die D\u00e4mpfe reizen die Atemwege und die Augen. Der unangenehme und stechende Geruch ist das Markenzeichen der&nbsp;Butters\u00e4ure. Bei h\u00f6heren Temperaturen kann aus der&nbsp;Butters\u00e4ure&nbsp;ein&nbsp;Dampf-Luft-Gemisch&nbsp;entstehen. Dieses ist bei 72 Grad entflammbar und kann explodieren.<br><br>Bereits kleine Mengen an&nbsp;Butters\u00e4ure&nbsp;gen\u00fcgen, um einen Gegenstand mit dem stechenden Geruch zu&nbsp;behaften. Werden nicht umgehend Gegenma\u00dfnahmen ergriffen, ist es nur schwer m\u00f6glich den Geruch wieder zu entfernen.<br><\/p>\n\n\n\n<h3 class=\"wp-block-heading\">Butters\u00e4ure&nbsp;in Lebensmitteln &#8211; hier ist sie von Natur aus drin<\/h3>\n\n\n\n<p>Butters\u00e4ure&nbsp;kommt in verschiedenen Lebensmitteln von Natur aus vor. Wie der Name bereits verr\u00e4t, ist eines dieser Lebensmittel Butter. Wenn Butter ranzig wird, entsteht durch eine chemische Reaktion&nbsp;Butters\u00e4ure&nbsp;in Lebensmitteln. Dieser Prozess verleiht der Butter einen unangenehmen stechenden Geruch und Geschmack.<br><br>Butters\u00e4ure&nbsp;in Lebensmitteln wird unter anaeroben Bedingungen, d. h. ohne die Zufuhr von Sauerstoff, von&nbsp;Butters\u00e4urebakterien&nbsp;hergestellt. Als Ausgangsstoff dienen den&nbsp;Butters\u00e4urebakterien&nbsp;Kohlenhydrate. Der Vorgang, der sich hier in Lebensmitteln abspielt, wird als G\u00e4rung bezeichnet.<br><br>Daher kommt&nbsp;Butters\u00e4ure&nbsp;in Lebensmitteln vor, bei deren Herstellung eine G\u00e4rung stattfindet.&nbsp;Butters\u00e4ure&nbsp;im Lebensmittel kommt unter anderem in Sauerkraut, Brot, Bier und K\u00e4se vor.<br><br>Doch&nbsp;Butters\u00e4ure&nbsp;in Lebensmitteln kommt nicht nur in Produkten vor, die mithilfe von G\u00e4rung produziert werden. Auch in&nbsp;Fleischsaft&nbsp;oder Milch ist&nbsp;Butters\u00e4ure&nbsp;im Lebensmittel enthalten.<br><\/p>\n\n\n\n<h3 class=\"wp-block-heading\">Butters\u00e4ure&nbsp;nur in Lebensmitteln?<\/h3>\n\n\n\n<p>Auch wenn der&nbsp;Trivialname&nbsp;es vermuten l\u00e4sst, nat\u00fcrliche&nbsp;Butters\u00e4ure&nbsp;kommt nicht nur in Lebensmitteln vor.&nbsp;Butters\u00e4ure&nbsp;im Lebensmittel ist in den meisten F\u00e4llen die erste Assoziation f\u00fcr den Geruch der&nbsp;Butters\u00e4ure. Doch sie ist auch einer der Inhaltsstoffe, der beim Menschen zum Schwei\u00dfgeruch beitr\u00e4gt. In bestimmten F\u00e4llen ist sie f\u00fcr den Mundgeruch verantwortlich. Ebenfalls ist sie ein Bestandteil von Erbrochenem.<br><br>Butters\u00e4ure&nbsp;ist nicht der einzige Bestandteil, der f\u00fcr den Geruch von Schwei\u00df oder Erbrochenem verantwortlich ist. Sie kommt in Verbindung mit anderen Stoffen vor. Daher ist eine genaue Zuordnung des nat\u00fcrlichen Geruchs der&nbsp;Butters\u00e4ure&nbsp;hier nicht einzeln abzugrenzen. Dies gilt auch f\u00fcr das Vorkommen in Lebensmitteln. Nat\u00fcrliche vorkommende&nbsp;Butters\u00e4ure&nbsp;tritt in den meisten F\u00e4llen in Kombination mit anderen Stoffen auf. Daher ist der Geruch nicht so eindeutig zu bestimmen, wie bei isolierter&nbsp;Butters\u00e4ure, die z. B. im Labor hergestellt wird.<br><\/p>\n\n\n\n<h3 class=\"wp-block-heading\">Nicht alle finden&nbsp;nat\u00fcrlicher Butters\u00e4ure&nbsp;\u00e4tzend<\/h3>\n\n\n\n<p>F\u00fcr Menschen und einen Gro\u00dfteil der Tiere ist der bei\u00dfende und stechende Geruch der&nbsp;Butters\u00e4ure&nbsp;unertr\u00e4glich. Doch es gibt auch Ausnahmen in der Tierwelt.&nbsp;Stechm\u00fccken, Fliegen oder Zecken werden von diesem speziellen Geruch angezogen. Dieser Umstand zeigt, dass jeder Stoff in der Natur von verschiedenen Lebewesen unterschiedlich wahrgenommen wird.<br><\/p>\n\n\n\n<h3 class=\"wp-block-heading\">Das macht nat\u00fcrliche&nbsp;Butters\u00e4ure&nbsp;so unangenehm<\/h3>\n\n\n\n<p>Das nat\u00fcrliche Vorkommen von&nbsp;Butters\u00e4ure&nbsp;zeigt, dass der Geruch \u00fcberwiegend mit negativen Dingen, wie ranziger Butter, Erbrochenem oder Schwei\u00dfgeruch, verbunden ist. Gemeinsam mit dem stechenden Geruch und den \u00e4tzenden Eigenschaften ist die&nbsp;Butters\u00e4ure&nbsp;ein gef\u00e4hrlicher Stoff.<br><br>Bereits kleine Mengen reichen aus, um einen heftigen Geruch zu erzeugen und R\u00e4ume&nbsp;bzw. Gegenst\u00e4nde mit diesem Geruch zu&nbsp;behaften. Eine schnelle und professionelle Neutralisation der&nbsp;Butters\u00e4ure&nbsp;ist hierbei immer notwendig. <\/p>\n\n\n\n<p>Gerade der Faktor Zeit ist von gro\u00dfer Bedeutung, da sich der Geruch mit der Zeit intensiviert und festsetzt!<\/p>\n","protected":false},"excerpt":{"rendered":"<p>Nat\u00fcrliche Butters\u00e4ure \u2013 auch in Lebensmitteln vorhanden Butters\u00e4ure ist der&nbsp;Trivialname, d. h. der umgangssprachliche Name f\u00fcr&nbsp;Butans\u00e4ure.&nbsp;Butans\u00e4uren&nbsp;geh\u00f6ren zu den&nbsp;Carbons\u00e4uren&nbsp;und sind damit organische Verbindungen. Der&nbsp;Trivialname&nbsp;Butters\u00e4ure&nbsp;wurde eingef\u00fchrt, weil der Geruch der&nbsp;Butans\u00e4ure&nbsp;an ranzige Butter erinnert. Das macht nat\u00fcrliche&nbsp;Butters\u00e4ure&nbsp;aus Butters\u00e4ure&nbsp;ist eine einfache&nbsp;Fetts\u00e4ure. Bei Zimmertemperatur ist sie eine farblose Fl\u00fcssigkeit. Es handelt sich um eine \u00e4tzende S\u00e4ure. Die D\u00e4mpfe reizen die &hellip; <\/p>\n<p class=\"link-more\"><a href=\"https:\/\/buttersaeure.ch\/index.php\/natuerliche-buttersaeure\/\" class=\"more-link\"><span class=\"screen-reader-text\">\u201eNat\u00fcrliche Butters\u00e4ure\u201c <\/span>weiterlesen<\/a><\/p>\n","protected":false},"author":1,"featured_media":0,"parent":0,"menu_order":0,"comment_status":"closed","ping_status":"closed","template":"","meta":{"footnotes":""},"class_list":["post-73","page","type-page","status-publish","hentry"],"yoast_head":"<!-- This site is optimized with the Yoast SEO plugin v26.8 - https:\/\/yoast.com\/product\/yoast-seo-wordpress\/ -->\n<title>Nat\u00fcrliche Butters\u00e4ure - Butters\u00e4ure Anschlag<\/title>\n<meta name=\"description\" content=\"Nat\u00fcrliche Butters\u00e4ure \u2013 auch in Lebensmitteln vorhanden. Was ist Butters\u00e4ure? Jetzt kostenfrei informieren, wir helfen Ihnen gerne weiter \u2705 buttersaeure.ch\" \/>\n<meta name=\"robots\" content=\"index, follow, max-snippet:-1, max-image-preview:large, max-video-preview:-1\" \/>\n<link rel=\"canonical\" href=\"https:\/\/buttersaeure.ch\/index.php\/natuerliche-buttersaeure\/\" \/>\n<meta property=\"og:locale\" content=\"de_DE\" \/>\n<meta property=\"og:type\" content=\"article\" \/>\n<meta property=\"og:title\" content=\"Nat\u00fcrliche Butters\u00e4ure - Butters\u00e4ure Anschlag\" \/>\n<meta property=\"og:description\" content=\"Nat\u00fcrliche Butters\u00e4ure \u2013 auch in Lebensmitteln vorhanden. Was ist Butters\u00e4ure? Jetzt kostenfrei informieren, wir helfen Ihnen gerne weiter \u2705 buttersaeure.ch\" \/>\n<meta property=\"og:url\" content=\"https:\/\/buttersaeure.ch\/index.php\/natuerliche-buttersaeure\/\" \/>\n<meta property=\"og:site_name\" content=\"Butters\u00e4ure Anschlag\" \/>\n<meta property=\"article:modified_time\" content=\"2020-12-02T12:24:01+00:00\" \/>\n<meta name=\"twitter:card\" content=\"summary_large_image\" \/>\n<meta name=\"twitter:label1\" content=\"Gesch\u00e4tzte Lesezeit\" \/>\n\t<meta name=\"twitter:data1\" content=\"4\u00a0Minuten\" \/>\n<script type=\"application\/ld+json\" class=\"yoast-schema-graph\">{\"@context\":\"https:\/\/schema.org\",\"@graph\":[{\"@type\":\"WebPage\",\"@id\":\"https:\/\/buttersaeure.ch\/index.php\/natuerliche-buttersaeure\/\",\"url\":\"https:\/\/buttersaeure.ch\/index.php\/natuerliche-buttersaeure\/\",\"name\":\"Nat\u00fcrliche Butters\u00e4ure - Butters\u00e4ure Anschlag\",\"isPartOf\":{\"@id\":\"https:\/\/buttersaeure.ch\/#website\"},\"datePublished\":\"2020-09-01T08:51:15+00:00\",\"dateModified\":\"2020-12-02T12:24:01+00:00\",\"description\":\"Nat\u00fcrliche Butters\u00e4ure \u2013 auch in Lebensmitteln vorhanden. Was ist Butters\u00e4ure? Jetzt kostenfrei informieren, wir helfen Ihnen gerne weiter \u2705 buttersaeure.ch\",\"breadcrumb\":{\"@id\":\"https:\/\/buttersaeure.ch\/index.php\/natuerliche-buttersaeure\/#breadcrumb\"},\"inLanguage\":\"de\",\"potentialAction\":[{\"@type\":\"ReadAction\",\"target\":[\"https:\/\/buttersaeure.ch\/index.php\/natuerliche-buttersaeure\/\"]}]},{\"@type\":\"BreadcrumbList\",\"@id\":\"https:\/\/buttersaeure.ch\/index.php\/natuerliche-buttersaeure\/#breadcrumb\",\"itemListElement\":[{\"@type\":\"ListItem\",\"position\":1,\"name\":\"Startseite\",\"item\":\"https:\/\/buttersaeure.ch\/\"},{\"@type\":\"ListItem\",\"position\":2,\"name\":\"Nat\u00fcrliche Butters\u00e4ure\"}]},{\"@type\":\"WebSite\",\"@id\":\"https:\/\/buttersaeure.ch\/#website\",\"url\":\"https:\/\/buttersaeure.ch\/\",\"name\":\"Butters\u00e4ure Anschlag\",\"description\":\"24 Stunden Service\",\"potentialAction\":[{\"@type\":\"SearchAction\",\"target\":{\"@type\":\"EntryPoint\",\"urlTemplate\":\"https:\/\/buttersaeure.ch\/?s={search_term_string}\"},\"query-input\":{\"@type\":\"PropertyValueSpecification\",\"valueRequired\":true,\"valueName\":\"search_term_string\"}}],\"inLanguage\":\"de\"}]}<\/script>\n<!-- \/ Yoast SEO plugin. -->","yoast_head_json":{"title":"Nat\u00fcrliche Butters\u00e4ure - Butters\u00e4ure Anschlag","description":"Nat\u00fcrliche Butters\u00e4ure \u2013 auch in Lebensmitteln vorhanden. Was ist Butters\u00e4ure? Jetzt kostenfrei informieren, wir helfen Ihnen gerne weiter \u2705 buttersaeure.ch","robots":{"index":"index","follow":"follow","max-snippet":"max-snippet:-1","max-image-preview":"max-image-preview:large","max-video-preview":"max-video-preview:-1"},"canonical":"https:\/\/buttersaeure.ch\/index.php\/natuerliche-buttersaeure\/","og_locale":"de_DE","og_type":"article","og_title":"Nat\u00fcrliche Butters\u00e4ure - Butters\u00e4ure Anschlag","og_description":"Nat\u00fcrliche Butters\u00e4ure \u2013 auch in Lebensmitteln vorhanden. Was ist Butters\u00e4ure? Jetzt kostenfrei informieren, wir helfen Ihnen gerne weiter \u2705 buttersaeure.ch","og_url":"https:\/\/buttersaeure.ch\/index.php\/natuerliche-buttersaeure\/","og_site_name":"Butters\u00e4ure Anschlag","article_modified_time":"2020-12-02T12:24:01+00:00","twitter_card":"summary_large_image","twitter_misc":{"Gesch\u00e4tzte Lesezeit":"4\u00a0Minuten"},"schema":{"@context":"https:\/\/schema.org","@graph":[{"@type":"WebPage","@id":"https:\/\/buttersaeure.ch\/index.php\/natuerliche-buttersaeure\/","url":"https:\/\/buttersaeure.ch\/index.php\/natuerliche-buttersaeure\/","name":"Nat\u00fcrliche Butters\u00e4ure - Butters\u00e4ure Anschlag","isPartOf":{"@id":"https:\/\/buttersaeure.ch\/#website"},"datePublished":"2020-09-01T08:51:15+00:00","dateModified":"2020-12-02T12:24:01+00:00","description":"Nat\u00fcrliche Butters\u00e4ure \u2013 auch in Lebensmitteln vorhanden. Was ist Butters\u00e4ure? Jetzt kostenfrei informieren, wir helfen Ihnen gerne weiter \u2705 buttersaeure.ch","breadcrumb":{"@id":"https:\/\/buttersaeure.ch\/index.php\/natuerliche-buttersaeure\/#breadcrumb"},"inLanguage":"de","potentialAction":[{"@type":"ReadAction","target":["https:\/\/buttersaeure.ch\/index.php\/natuerliche-buttersaeure\/"]}]},{"@type":"BreadcrumbList","@id":"https:\/\/buttersaeure.ch\/index.php\/natuerliche-buttersaeure\/#breadcrumb","itemListElement":[{"@type":"ListItem","position":1,"name":"Startseite","item":"https:\/\/buttersaeure.ch\/"},{"@type":"ListItem","position":2,"name":"Nat\u00fcrliche Butters\u00e4ure"}]},{"@type":"WebSite","@id":"https:\/\/buttersaeure.ch\/#website","url":"https:\/\/buttersaeure.ch\/","name":"Butters\u00e4ure Anschlag","description":"24 Stunden Service","potentialAction":[{"@type":"SearchAction","target":{"@type":"EntryPoint","urlTemplate":"https:\/\/buttersaeure.ch\/?s={search_term_string}"},"query-input":{"@type":"PropertyValueSpecification","valueRequired":true,"valueName":"search_term_string"}}],"inLanguage":"de"}]}},"_links":{"self":[{"href":"https:\/\/buttersaeure.ch\/index.php\/wp-json\/wp\/v2\/pages\/73","targetHints":{"allow":["GET"]}}],"collection":[{"href":"https:\/\/buttersaeure.ch\/index.php\/wp-json\/wp\/v2\/pages"}],"about":[{"href":"https:\/\/buttersaeure.ch\/index.php\/wp-json\/wp\/v2\/types\/page"}],"author":[{"embeddable":true,"href":"https:\/\/buttersaeure.ch\/index.php\/wp-json\/wp\/v2\/users\/1"}],"replies":[{"embeddable":true,"href":"https:\/\/buttersaeure.ch\/index.php\/wp-json\/wp\/v2\/comments?post=73"}],"version-history":[{"count":1,"href":"https:\/\/buttersaeure.ch\/index.php\/wp-json\/wp\/v2\/pages\/73\/revisions"}],"predecessor-version":[{"id":74,"href":"https:\/\/buttersaeure.ch\/index.php\/wp-json\/wp\/v2\/pages\/73\/revisions\/74"}],"wp:attachment":[{"href":"https:\/\/buttersaeure.ch\/index.php\/wp-json\/wp\/v2\/media?parent=73"}],"curies":[{"name":"wp","href":"https:\/\/api.w.org\/{rel}","templated":true}]}}