{"id":65,"date":"2020-03-24T12:50:22","date_gmt":"2020-03-24T12:50:22","guid":{"rendered":"https:\/\/buttersaeure.ch\/?page_id=65"},"modified":"2020-12-02T12:20:33","modified_gmt":"2020-12-02T12:20:33","slug":"buttersaeure-geruch","status":"publish","type":"page","link":"https:\/\/buttersaeure.ch\/index.php\/buttersaeure-geruch\/","title":{"rendered":"Butters\u00e4ure Geruch"},"content":{"rendered":"\n<h2 class=\"wp-block-heading\">Butters\u00e4ure Geruch &#8211; schnelle Hilfe von Experten ist n\u00f6tig! | wir vertreiben schlecht riechende Ger\u00fcche &amp; extremen Gestank<\/h2>\n\n\n\n<p><a href=\"https:\/\/buttersaeure.ch\/index.php\/natuerliche-buttersaeure\/\">Butters\u00e4ure&nbsp;<\/a>riecht schlecht und gef\u00e4hrdet die Gesundheit. Wurde bei Ihnen ein Anschlag ver\u00fcbt, f\u00e4llt Ihnen bereits beim Betreten des Geb\u00e4udes ein extremer&nbsp;Butters\u00e4uregeruch&nbsp;auf. Nur erfahrene Experten k\u00f6nnen die Entfernung von dem Gestank vornehmen, sodass eine Sch\u00e4digung der Gesundheit ausbleibt und der \u00fcbel riechende Geruch vertrieben ist.<br>Sie suchen einen Experten f\u00fcr die Entfernung von Gestank? Butters\u00e4ure Geruch ist nur ein Problem, denn er riecht schlecht und kann schwerwiegende gesundheitliche Folgen mit sich f\u00fchren. Unser Notdienst ist 24\/7&nbsp;im Einsatz und nimmt die Entfernung von Gestank diskret und mit Verschwiegenheit vor.<br><\/p>\n\n\n\n<h3 class=\"wp-block-heading\">Extremer&nbsp;Butters\u00e4uregeruch&nbsp;\u2013 Experten f\u00fcr die Entfernung von Gestank beauftragen<br><\/h3>\n\n\n\n<p>Einen&nbsp;Butters\u00e4ure&nbsp;Anschlag bemerken Sie direkt nach seiner&nbsp;Ver\u00fcbung. Es riecht schlecht. Ein starker&nbsp;Butters\u00e4ure&nbsp;Geruch, der an Erbrochenes und ranzige Butter erinnert, breitet sich im Geb\u00e4ude, auf dem Grundst\u00fcck oder im Fahrzeug aus. Nun m\u00fcssen Sie besonnen handeln, nicht in Panik verfallen und sollten keinesfalls versuchen, selbst die Ger\u00fcche zu vertreiben. Ohne&nbsp;Atemschutz&nbsp;und spezielle Kleidung f\u00fchrt&nbsp;Butters\u00e4ure&nbsp;zu starken Reizungen und langwierigen gesundheitlichen Folgen. Auch die wirtschaftlichen Folgen sind nicht zu untersch\u00e4tzen. Wir haben uns als Experten auf die Entfernung von Gestank und extremen Butters\u00e4uregeruch spezialisiert und sind Ihr Ansprechpartner, wenn es schlecht riecht und ein Anschlag mit Butters\u00e4ure zu vermuten ist.<br>Riecht schlecht und Sie vermuten, dass sich jemand im Geb\u00e4ude erbrochen hat? Dann handelt es sich in den meisten F\u00e4llen um&nbsp;Butters\u00e4ure. Der&nbsp;Geruch nach Erbrochenem l\u00e4sst darauf schliessen und das Problem muss professionell gel\u00f6st werden. Um die ekelerregenden Ger\u00fcche zu vertreiben, m\u00fcssen wir den&nbsp;Anschlagsort&nbsp;genauestens untersuchen. Bei&nbsp;Butters\u00e4ure&nbsp;handelt es sich um eine transparente Fl\u00fcssigkeit, von der wenige Tropfen den typisch beissenden Geruch erzeugen. Betroffene Geb\u00e4ude oder Fahrzeuge sind vor\u00fcbergehend nicht nutzbar. Extremer&nbsp;Butters\u00e4uregeruch&nbsp;ist das wahrnehmbare Risiko eines Anschlags. Doch die Gefahr lauert in der \u00e4tzenden und reizenden Eigenschaft, die die Fl\u00fcssigkeit aufweist und die beim Kontakt mit Atemwegen und der Haut zum gesundheitlichen Risiko wird.&nbsp;<br><\/p>\n\n\n\n<h3 class=\"wp-block-heading\">Es riecht schlecht &#8230; wie Sie sich bei dem Verdacht auf Butters\u00e4ure &amp; mit dem Geruch verhalten sollten?!<br><\/h3>\n\n\n\n<p>Wir raten Ihnen dringend dazu, uns als Experten mit der Entfernung des Gestanks von&nbsp;Butters\u00e4ure&nbsp;zu beauftragen. Verzichten Sie auf den Einsatz von im Internet empfohlenen Chemikalien, mit denen Sie die Ger\u00fcche nicht vertreiben und Ihr Risiko erh\u00f6hen w\u00fcrden. Der&nbsp;Butters\u00e4ure&nbsp;Geruch riecht schlecht, erinnert an Erbrochenes und breitet sich schnell aus. Um derart penetrante Ger\u00fcche zu vertreiben, sind viel&nbsp;Know-how&nbsp;und die richtige Ausr\u00fcstung n\u00f6tig. Seit vielen Jahren sind wir Profis bei der Entfernung von Gestank und auch mit Butters\u00e4ure&nbsp;vertraut. Unser umfassender Service sorgt daf\u00fcr, dass extremer&nbsp;Butters\u00e4uregeruch&nbsp;nicht zum gesundheitlichen und existenziellen Risiko f\u00fcr Sie wird. Wichtig ist, dass Sie ruhig bleiben und unsere Nummer w\u00e4hlen. Sie erreichen uns rund um die Uhr, auch an Feiertagen und am Wochenende. Wenn Sie&nbsp;Butters\u00e4ure&nbsp;Geruch wahrnehmen, sollten Sie keinesfalls l\u00e4nger warten und davon ausgehen, dass sich die Problematik von selbst l\u00f6st. Ein Anschlag mit der farblosen Fl\u00fcssigkeit f\u00fchrt dazu, dass Sie den Grund oftmals gar nicht sehen und nur den Geruch wahrnehmen. Wenige Tropfen reichen aus und es riecht schlecht, so schlecht, dass die R\u00e4umlichkeiten nicht mehr betreten werden d\u00fcrfen. Die Ger\u00fcche vertreiben Sie weder mit L\u00fcften noch mit Chemie und Hausmitteln, von denen Sie im Internet lesen und die unter Aussparung der gesundheitlichen Risiken f\u00fcr Sie empfohlen werden.&nbsp;<br><br>Wir sind Ihre Experten f\u00fcr die Entfernung von Gestank durch&nbsp;Butters\u00e4ure. Der extreme&nbsp;Butters\u00e4uregeruch&nbsp;muss binnen 72 Stunden neutralisiert werden, da er sonst dauerhaft in den Materialien haften bleibt. Die Halbwertzeit von Butters\u00e4ure betr\u00e4gt 5 Jahre.<\/p>\n","protected":false},"excerpt":{"rendered":"<p>Butters\u00e4ure Geruch &#8211; schnelle Hilfe von Experten ist n\u00f6tig! | wir vertreiben schlecht riechende Ger\u00fcche &amp; extremen Gestank Butters\u00e4ure&nbsp;riecht schlecht und gef\u00e4hrdet die Gesundheit. Wurde bei Ihnen ein Anschlag ver\u00fcbt, f\u00e4llt Ihnen bereits beim Betreten des Geb\u00e4udes ein extremer&nbsp;Butters\u00e4uregeruch&nbsp;auf. Nur erfahrene Experten k\u00f6nnen die Entfernung von dem Gestank vornehmen, sodass eine Sch\u00e4digung der Gesundheit ausbleibt &hellip; <\/p>\n<p class=\"link-more\"><a href=\"https:\/\/buttersaeure.ch\/index.php\/buttersaeure-geruch\/\" class=\"more-link\"><span class=\"screen-reader-text\">\u201eButters\u00e4ure Geruch\u201c <\/span>weiterlesen<\/a><\/p>\n","protected":false},"author":1,"featured_media":0,"parent":0,"menu_order":0,"comment_status":"closed","ping_status":"closed","template":"","meta":{"footnotes":""},"class_list":["post-65","page","type-page","status-publish","hentry"],"yoast_head":"<!-- This site is optimized with the Yoast SEO plugin v26.8 - https:\/\/yoast.com\/product\/yoast-seo-wordpress\/ -->\n<title>Butters\u00e4ure Geruch - Butters\u00e4ure Anschlag<\/title>\n<meta name=\"description\" content=\"Butters\u00e4ure riecht schlecht &amp; gef\u00e4hrdet die Gesundheit. Bei einem Anschlag f\u00e4llt Ihnen bereits beim Betreten des Geb\u00e4udes ein extremer Butters\u00e4uregeruch auf\" \/>\n<meta name=\"robots\" content=\"index, follow, max-snippet:-1, max-image-preview:large, max-video-preview:-1\" \/>\n<link rel=\"canonical\" href=\"https:\/\/buttersaeure.ch\/index.php\/buttersaeure-geruch\/\" \/>\n<meta property=\"og:locale\" content=\"de_DE\" \/>\n<meta property=\"og:type\" content=\"article\" \/>\n<meta property=\"og:title\" content=\"Butters\u00e4ure Geruch - Butters\u00e4ure Anschlag\" \/>\n<meta property=\"og:description\" content=\"Butters\u00e4ure riecht schlecht &amp; gef\u00e4hrdet die Gesundheit. Bei einem Anschlag f\u00e4llt Ihnen bereits beim Betreten des Geb\u00e4udes ein extremer Butters\u00e4uregeruch auf\" \/>\n<meta property=\"og:url\" content=\"https:\/\/buttersaeure.ch\/index.php\/buttersaeure-geruch\/\" \/>\n<meta property=\"og:site_name\" content=\"Butters\u00e4ure Anschlag\" \/>\n<meta property=\"article:modified_time\" content=\"2020-12-02T12:20:33+00:00\" \/>\n<meta name=\"twitter:card\" content=\"summary_large_image\" \/>\n<meta name=\"twitter:label1\" content=\"Gesch\u00e4tzte Lesezeit\" \/>\n\t<meta name=\"twitter:data1\" content=\"3\u00a0Minuten\" \/>\n<script type=\"application\/ld+json\" class=\"yoast-schema-graph\">{\"@context\":\"https:\/\/schema.org\",\"@graph\":[{\"@type\":\"WebPage\",\"@id\":\"https:\/\/buttersaeure.ch\/index.php\/buttersaeure-geruch\/\",\"url\":\"https:\/\/buttersaeure.ch\/index.php\/buttersaeure-geruch\/\",\"name\":\"Butters\u00e4ure Geruch - Butters\u00e4ure Anschlag\",\"isPartOf\":{\"@id\":\"https:\/\/buttersaeure.ch\/#website\"},\"datePublished\":\"2020-03-24T12:50:22+00:00\",\"dateModified\":\"2020-12-02T12:20:33+00:00\",\"description\":\"Butters\u00e4ure riecht schlecht & gef\u00e4hrdet die Gesundheit. Bei einem Anschlag f\u00e4llt Ihnen bereits beim Betreten des Geb\u00e4udes ein extremer Butters\u00e4uregeruch auf\",\"breadcrumb\":{\"@id\":\"https:\/\/buttersaeure.ch\/index.php\/buttersaeure-geruch\/#breadcrumb\"},\"inLanguage\":\"de\",\"potentialAction\":[{\"@type\":\"ReadAction\",\"target\":[\"https:\/\/buttersaeure.ch\/index.php\/buttersaeure-geruch\/\"]}]},{\"@type\":\"BreadcrumbList\",\"@id\":\"https:\/\/buttersaeure.ch\/index.php\/buttersaeure-geruch\/#breadcrumb\",\"itemListElement\":[{\"@type\":\"ListItem\",\"position\":1,\"name\":\"Startseite\",\"item\":\"https:\/\/buttersaeure.ch\/\"},{\"@type\":\"ListItem\",\"position\":2,\"name\":\"Butters\u00e4ure Geruch\"}]},{\"@type\":\"WebSite\",\"@id\":\"https:\/\/buttersaeure.ch\/#website\",\"url\":\"https:\/\/buttersaeure.ch\/\",\"name\":\"Butters\u00e4ure Anschlag\",\"description\":\"24 Stunden Service\",\"potentialAction\":[{\"@type\":\"SearchAction\",\"target\":{\"@type\":\"EntryPoint\",\"urlTemplate\":\"https:\/\/buttersaeure.ch\/?s={search_term_string}\"},\"query-input\":{\"@type\":\"PropertyValueSpecification\",\"valueRequired\":true,\"valueName\":\"search_term_string\"}}],\"inLanguage\":\"de\"}]}<\/script>\n<!-- \/ Yoast SEO plugin. -->","yoast_head_json":{"title":"Butters\u00e4ure Geruch - Butters\u00e4ure Anschlag","description":"Butters\u00e4ure riecht schlecht & gef\u00e4hrdet die Gesundheit. Bei einem Anschlag f\u00e4llt Ihnen bereits beim Betreten des Geb\u00e4udes ein extremer Butters\u00e4uregeruch auf","robots":{"index":"index","follow":"follow","max-snippet":"max-snippet:-1","max-image-preview":"max-image-preview:large","max-video-preview":"max-video-preview:-1"},"canonical":"https:\/\/buttersaeure.ch\/index.php\/buttersaeure-geruch\/","og_locale":"de_DE","og_type":"article","og_title":"Butters\u00e4ure Geruch - Butters\u00e4ure Anschlag","og_description":"Butters\u00e4ure riecht schlecht & gef\u00e4hrdet die Gesundheit. Bei einem Anschlag f\u00e4llt Ihnen bereits beim Betreten des Geb\u00e4udes ein extremer Butters\u00e4uregeruch auf","og_url":"https:\/\/buttersaeure.ch\/index.php\/buttersaeure-geruch\/","og_site_name":"Butters\u00e4ure Anschlag","article_modified_time":"2020-12-02T12:20:33+00:00","twitter_card":"summary_large_image","twitter_misc":{"Gesch\u00e4tzte Lesezeit":"3\u00a0Minuten"},"schema":{"@context":"https:\/\/schema.org","@graph":[{"@type":"WebPage","@id":"https:\/\/buttersaeure.ch\/index.php\/buttersaeure-geruch\/","url":"https:\/\/buttersaeure.ch\/index.php\/buttersaeure-geruch\/","name":"Butters\u00e4ure Geruch - Butters\u00e4ure Anschlag","isPartOf":{"@id":"https:\/\/buttersaeure.ch\/#website"},"datePublished":"2020-03-24T12:50:22+00:00","dateModified":"2020-12-02T12:20:33+00:00","description":"Butters\u00e4ure riecht schlecht & gef\u00e4hrdet die Gesundheit. Bei einem Anschlag f\u00e4llt Ihnen bereits beim Betreten des Geb\u00e4udes ein extremer Butters\u00e4uregeruch auf","breadcrumb":{"@id":"https:\/\/buttersaeure.ch\/index.php\/buttersaeure-geruch\/#breadcrumb"},"inLanguage":"de","potentialAction":[{"@type":"ReadAction","target":["https:\/\/buttersaeure.ch\/index.php\/buttersaeure-geruch\/"]}]},{"@type":"BreadcrumbList","@id":"https:\/\/buttersaeure.ch\/index.php\/buttersaeure-geruch\/#breadcrumb","itemListElement":[{"@type":"ListItem","position":1,"name":"Startseite","item":"https:\/\/buttersaeure.ch\/"},{"@type":"ListItem","position":2,"name":"Butters\u00e4ure Geruch"}]},{"@type":"WebSite","@id":"https:\/\/buttersaeure.ch\/#website","url":"https:\/\/buttersaeure.ch\/","name":"Butters\u00e4ure Anschlag","description":"24 Stunden Service","potentialAction":[{"@type":"SearchAction","target":{"@type":"EntryPoint","urlTemplate":"https:\/\/buttersaeure.ch\/?s={search_term_string}"},"query-input":{"@type":"PropertyValueSpecification","valueRequired":true,"valueName":"search_term_string"}}],"inLanguage":"de"}]}},"_links":{"self":[{"href":"https:\/\/buttersaeure.ch\/index.php\/wp-json\/wp\/v2\/pages\/65","targetHints":{"allow":["GET"]}}],"collection":[{"href":"https:\/\/buttersaeure.ch\/index.php\/wp-json\/wp\/v2\/pages"}],"about":[{"href":"https:\/\/buttersaeure.ch\/index.php\/wp-json\/wp\/v2\/types\/page"}],"author":[{"embeddable":true,"href":"https:\/\/buttersaeure.ch\/index.php\/wp-json\/wp\/v2\/users\/1"}],"replies":[{"embeddable":true,"href":"https:\/\/buttersaeure.ch\/index.php\/wp-json\/wp\/v2\/comments?post=65"}],"version-history":[{"count":3,"href":"https:\/\/buttersaeure.ch\/index.php\/wp-json\/wp\/v2\/pages\/65\/revisions"}],"predecessor-version":[{"id":79,"href":"https:\/\/buttersaeure.ch\/index.php\/wp-json\/wp\/v2\/pages\/65\/revisions\/79"}],"wp:attachment":[{"href":"https:\/\/buttersaeure.ch\/index.php\/wp-json\/wp\/v2\/media?parent=65"}],"curies":[{"name":"wp","href":"https:\/\/api.w.org\/{rel}","templated":true}]}}