{"id":18,"date":"2019-02-24T11:46:55","date_gmt":"2019-02-24T11:46:55","guid":{"rendered":"https:\/\/buttersaeure.ch\/?page_id=18"},"modified":"2020-12-03T09:06:54","modified_gmt":"2020-12-03T09:06:54","slug":"ueber-mich","status":"publish","type":"page","link":"https:\/\/buttersaeure.ch\/index.php\/ueber-mich\/","title":{"rendered":"Diskretion"},"content":{"rendered":"\n<p>Unsere Fahrzeuge sind unbeschriftet <\/p>\n\n\n\n<p>absolute Diskretion und Verschwiegenheit<\/p>\n\n\n\n<p><\/p>\n\n\n\n<p><\/p>\n\n\n\n<h2 class=\"wp-block-heading\">Unsere schnelle Hilfe bei einem Butters\u00e4ure Unfall<\/h2>\n\n\n\n<p>Butters\u00e4ure verstr\u00f6mt einen&nbsp;\u00e4usserst&nbsp;unangenehmen Geruch. Wenn Sie ein&nbsp;Butters\u00e4ure&nbsp;Notfall bedroht, dann brauchen Sie einen erfahrenen Fachmann, der Sie von der&nbsp;Butters\u00e4ure&nbsp;und ihrem Geruch nachhaltig befreit. Unsere schnelle Hilfe bei&nbsp;Butters\u00e4ure&nbsp;bieten wir Ihnen rund um die Uhr an, damit Sie stets auf einen zuverl\u00e4ssigen&nbsp;Butters\u00e4ure&nbsp;Notdienst zur\u00fcckgreifen k\u00f6nnen.<br>In&nbsp;Volketswil&nbsp;und Umgebung sind wir rund um die Uhr f\u00fcr Sie im Einsatz. Rufen Sie uns daher jederzeit an, wenn ein&nbsp;Butters\u00e4ure&nbsp;Notfall vorliegt.<br><\/p>\n\n\n\n<h3 class=\"wp-block-heading\">Was ist&nbsp;Butters\u00e4ure?<\/h3>\n\n\n\n<p>Wissenschaftlich wird die&nbsp;Butters\u00e4ure&nbsp;auch&nbsp;Butans\u00e4ure&nbsp;genannt. Sie ist eine&nbsp;Carbons\u00e4ure&nbsp;bzw. eine einfache&nbsp;Fetts\u00e4ure. Gebildet wird sie durch&nbsp;Butters\u00e4urebakterien&nbsp;aus Kohlenhydraten. Sie kommt daher unter anderem in K\u00e4se, Sauerkraut, Bier und Brot sowie Milch,&nbsp;Fleischsaft&nbsp;und&nbsp;Schweiss&nbsp;vor.<br>Auch bei der Verdauung wird&nbsp;Butters\u00e4ure&nbsp;im Dickdarm gebildet. In einer Konzentration, die \u00fcber diesem nat\u00fcrlichen Niveau liegt, ist&nbsp;Butters\u00e4ure&nbsp;allerdings eine gesundheitliche Gefahr, weshalb im Umgang mit ihr&nbsp;\u00e4usserste&nbsp;Vorsicht geraten ist.<br>Verwendet wird&nbsp;Butters\u00e4ure&nbsp;unter anderem bei der Bek\u00e4mpfung von Maulw\u00fcrfen sowie in verschiedenen Bereichen der pharmazeutischen und chemischen Industrie.<br><\/p>\n\n\n\n<h3 class=\"wp-block-heading\">Warum schnelle Hilfe bei&nbsp;Butters\u00e4ure&nbsp;so wichtig ist<\/h3>\n\n\n\n<p>Ein&nbsp;Butters\u00e4ure&nbsp;Notfall stellt eine Gef\u00e4hrdung f\u00fcr die Gesundheit dar. Sie f\u00fchrt zu Ver\u00e4tzungen auf der Haut und kann die Augen schwer sch\u00e4digen, wenn diese mit ihr in Ber\u00fchrung kommen. Auch beim Verschlucken kann die&nbsp;Butters\u00e4ure&nbsp;zu schwerwiegenden Gesundheitssch\u00e4den f\u00fchren. Sie sollte in keinem Fall eingeatmet werden, da auch die Atemwege durch Gas, Nebel oder Dampf aus&nbsp;Butters\u00e4ure&nbsp;angegriffen werden k\u00f6nnen.<br>Wenn Sie mit&nbsp;Butters\u00e4ure&nbsp;umgehen, sollten Sie also auf eine entsprechende Schutzkleidung, bestehend aus&nbsp;Schutzhandschuhen, Augen- und&nbsp;Gesichtsschutz, nicht verzichten.<br><\/p>\n\n\n\n<h3 class=\"wp-block-heading\">Was ist bei einem&nbsp;Butters\u00e4ure&nbsp;Notfall zu tun?<\/h3>\n\n\n\n<p>Wenn Sie sich nach dem Umgang mit&nbsp;Butters\u00e4ure&nbsp;unwohl f\u00fchlen, dann sollten Sie unverz\u00fcglich Kontakt mit einem&nbsp;Butters\u00e4ure&nbsp;Notdienst aufnehmen. Wenden Sie sich entweder an die&nbsp;Giftinformationszentrale&nbsp;oder einen Arzt. Die&nbsp;Butters\u00e4ure&nbsp;muss schnellstm\u00f6glich vom K\u00f6rper entfernt werden. Sp\u00fclen Sie sich umgehend den Mund aus und ziehen Sie s\u00e4mtliche Bekleidungsst\u00fccke aus, die mit der&nbsp;Butters\u00e4ure&nbsp;in Ber\u00fchrung gekommen sind. R\u00fcckst\u00e4nde auf der Haut sollten direkt abgewaschen oder abgeduscht werden.<br>Damit f\u00fcr eine ungehinderte Atmung gesorgt ist, begeben Sie sich ausserdem so schnell wie m\u00f6glich an die frische Luft. Schnelle Hilfe bei&nbsp;Butters\u00e4ure, die in die Augen geraten ist, erhalten Sie durch das umgehende Aussp\u00fclen. Sollten Sie Kontaktlinsen tragen, entfernen Sie diese.<br><\/p>\n\n\n\n<h3 class=\"wp-block-heading\">Unser&nbsp;Butters\u00e4ure&nbsp;Notdienst ist rund um die Uhr f\u00fcr Sie zur Stelle<\/h3>\n\n\n\n<p>Wenn Sie eine schnelle Hilfe bei&nbsp;Butters\u00e4ure&nbsp;ben\u00f6tigen, dann rufen Sie uns an. Wir haben uns auf die Entfernung von&nbsp;Butters\u00e4ure&nbsp;und ihren Ger\u00fcchen spezialisiert. Nach einem&nbsp;Butters\u00e4ure&nbsp;Notfall kommen wir umgehend bei Ihnen vorbei. Wir sind in neutralen Fahrzeugen unterwegs und k\u00f6nnen Ihnen dadurch absolute Diskretion garantieren.<br>Als erfahrene Experten k\u00fcmmern wir uns mit unserem&nbsp;Butters\u00e4ure&nbsp;Notdienst professionell und fachgerecht um Ihr Anliegen, damit Sie keine gesundheitlichen Sch\u00e4den durch den&nbsp;Butters\u00e4ure&nbsp;Notfall davontragen.<br><\/p>\n\n\n\n<h3 class=\"wp-block-heading\">Rufen Sie uns an, wenn Sie uns brauchen<\/h3>\n\n\n\n<p>Sie erreichen uns 365 Tagen im Jahr und zwar rund um die Uhr. Egal ob an einem Werktag, am Wochenende oder an einem Feiertag. Wenn Sie eine schnelle Hilfe bei&nbsp;Butters\u00e4ure&nbsp;ben\u00f6tigen, dann rufen Sie uns an. Verlassen Sie ausserdem bitte sofort den betroffenen Raum und achten Sie unbedingt darauf, dass Sie die&nbsp;Butters\u00e4ure&nbsp;nicht ber\u00fchren. <br><\/p>\n\n\n\n<p><strong>Sollten Sie weitere Informationen rund um unseren&nbsp;Butters\u00e4ure&nbsp;Notdienst ben\u00f6tigen oder Fragen zur&nbsp;Butters\u00e4ure&nbsp;haben, dann kontaktieren Sie uns ebenfalls gerne!<\/strong><\/p>\n","protected":false},"excerpt":{"rendered":"<p>Unsere Fahrzeuge sind unbeschriftet absolute Diskretion und Verschwiegenheit Unsere schnelle Hilfe bei einem Butters\u00e4ure Unfall Butters\u00e4ure verstr\u00f6mt einen&nbsp;\u00e4usserst&nbsp;unangenehmen Geruch. Wenn Sie ein&nbsp;Butters\u00e4ure&nbsp;Notfall bedroht, dann brauchen Sie einen erfahrenen Fachmann, der Sie von der&nbsp;Butters\u00e4ure&nbsp;und ihrem Geruch nachhaltig befreit. Unsere schnelle Hilfe bei&nbsp;Butters\u00e4ure&nbsp;bieten wir Ihnen rund um die Uhr an, damit Sie stets auf einen zuverl\u00e4ssigen&nbsp;Butters\u00e4ure&nbsp;Notdienst zur\u00fcckgreifen &hellip; <\/p>\n<p class=\"link-more\"><a href=\"https:\/\/buttersaeure.ch\/index.php\/ueber-mich\/\" class=\"more-link\"><span class=\"screen-reader-text\">\u201eDiskretion\u201c <\/span>weiterlesen<\/a><\/p>\n","protected":false},"author":1,"featured_media":0,"parent":0,"menu_order":0,"comment_status":"closed","ping_status":"closed","template":"","meta":{"footnotes":""},"class_list":["post-18","page","type-page","status-publish","hentry"],"yoast_head":"<!-- This site is optimized with the Yoast SEO plugin v26.8 - https:\/\/yoast.com\/product\/yoast-seo-wordpress\/ -->\n<title>Diskretion - Butters\u00e4ure Anschlag<\/title>\n<meta name=\"description\" content=\"Unsere Fahrzeuge sind unbeschriftet. Absolute Diskretion und Verschwiegenheit. Jetzt kostenfrei informieren, wir helfen Ihnen gerne weiter \u2705 buttersaeure.ch\" \/>\n<meta name=\"robots\" content=\"index, follow, max-snippet:-1, max-image-preview:large, max-video-preview:-1\" \/>\n<link rel=\"canonical\" href=\"https:\/\/buttersaeure.ch\/index.php\/ueber-mich\/\" \/>\n<meta property=\"og:locale\" content=\"de_DE\" \/>\n<meta property=\"og:type\" content=\"article\" \/>\n<meta property=\"og:title\" content=\"Diskretion - Butters\u00e4ure Anschlag\" \/>\n<meta property=\"og:description\" content=\"Unsere Fahrzeuge sind unbeschriftet. Absolute Diskretion und Verschwiegenheit. Jetzt kostenfrei informieren, wir helfen Ihnen gerne weiter \u2705 buttersaeure.ch\" \/>\n<meta property=\"og:url\" content=\"https:\/\/buttersaeure.ch\/index.php\/ueber-mich\/\" \/>\n<meta property=\"og:site_name\" content=\"Butters\u00e4ure Anschlag\" \/>\n<meta property=\"article:modified_time\" content=\"2020-12-03T09:06:54+00:00\" \/>\n<meta name=\"twitter:card\" content=\"summary_large_image\" \/>\n<meta name=\"twitter:label1\" content=\"Gesch\u00e4tzte Lesezeit\" \/>\n\t<meta name=\"twitter:data1\" content=\"4\u00a0Minuten\" \/>\n<script type=\"application\/ld+json\" class=\"yoast-schema-graph\">{\"@context\":\"https:\/\/schema.org\",\"@graph\":[{\"@type\":\"WebPage\",\"@id\":\"https:\/\/buttersaeure.ch\/index.php\/ueber-mich\/\",\"url\":\"https:\/\/buttersaeure.ch\/index.php\/ueber-mich\/\",\"name\":\"Diskretion - Butters\u00e4ure Anschlag\",\"isPartOf\":{\"@id\":\"https:\/\/buttersaeure.ch\/#website\"},\"datePublished\":\"2019-02-24T11:46:55+00:00\",\"dateModified\":\"2020-12-03T09:06:54+00:00\",\"description\":\"Unsere Fahrzeuge sind unbeschriftet. Absolute Diskretion und Verschwiegenheit. Jetzt kostenfrei informieren, wir helfen Ihnen gerne weiter \u2705 buttersaeure.ch\",\"breadcrumb\":{\"@id\":\"https:\/\/buttersaeure.ch\/index.php\/ueber-mich\/#breadcrumb\"},\"inLanguage\":\"de\",\"potentialAction\":[{\"@type\":\"ReadAction\",\"target\":[\"https:\/\/buttersaeure.ch\/index.php\/ueber-mich\/\"]}]},{\"@type\":\"BreadcrumbList\",\"@id\":\"https:\/\/buttersaeure.ch\/index.php\/ueber-mich\/#breadcrumb\",\"itemListElement\":[{\"@type\":\"ListItem\",\"position\":1,\"name\":\"Startseite\",\"item\":\"https:\/\/buttersaeure.ch\/\"},{\"@type\":\"ListItem\",\"position\":2,\"name\":\"Diskretion\"}]},{\"@type\":\"WebSite\",\"@id\":\"https:\/\/buttersaeure.ch\/#website\",\"url\":\"https:\/\/buttersaeure.ch\/\",\"name\":\"Butters\u00e4ure Anschlag\",\"description\":\"24 Stunden Service\",\"potentialAction\":[{\"@type\":\"SearchAction\",\"target\":{\"@type\":\"EntryPoint\",\"urlTemplate\":\"https:\/\/buttersaeure.ch\/?s={search_term_string}\"},\"query-input\":{\"@type\":\"PropertyValueSpecification\",\"valueRequired\":true,\"valueName\":\"search_term_string\"}}],\"inLanguage\":\"de\"}]}<\/script>\n<!-- \/ Yoast SEO plugin. -->","yoast_head_json":{"title":"Diskretion - Butters\u00e4ure Anschlag","description":"Unsere Fahrzeuge sind unbeschriftet. Absolute Diskretion und Verschwiegenheit. Jetzt kostenfrei informieren, wir helfen Ihnen gerne weiter \u2705 buttersaeure.ch","robots":{"index":"index","follow":"follow","max-snippet":"max-snippet:-1","max-image-preview":"max-image-preview:large","max-video-preview":"max-video-preview:-1"},"canonical":"https:\/\/buttersaeure.ch\/index.php\/ueber-mich\/","og_locale":"de_DE","og_type":"article","og_title":"Diskretion - Butters\u00e4ure Anschlag","og_description":"Unsere Fahrzeuge sind unbeschriftet. Absolute Diskretion und Verschwiegenheit. Jetzt kostenfrei informieren, wir helfen Ihnen gerne weiter \u2705 buttersaeure.ch","og_url":"https:\/\/buttersaeure.ch\/index.php\/ueber-mich\/","og_site_name":"Butters\u00e4ure Anschlag","article_modified_time":"2020-12-03T09:06:54+00:00","twitter_card":"summary_large_image","twitter_misc":{"Gesch\u00e4tzte Lesezeit":"4\u00a0Minuten"},"schema":{"@context":"https:\/\/schema.org","@graph":[{"@type":"WebPage","@id":"https:\/\/buttersaeure.ch\/index.php\/ueber-mich\/","url":"https:\/\/buttersaeure.ch\/index.php\/ueber-mich\/","name":"Diskretion - Butters\u00e4ure Anschlag","isPartOf":{"@id":"https:\/\/buttersaeure.ch\/#website"},"datePublished":"2019-02-24T11:46:55+00:00","dateModified":"2020-12-03T09:06:54+00:00","description":"Unsere Fahrzeuge sind unbeschriftet. Absolute Diskretion und Verschwiegenheit. Jetzt kostenfrei informieren, wir helfen Ihnen gerne weiter \u2705 buttersaeure.ch","breadcrumb":{"@id":"https:\/\/buttersaeure.ch\/index.php\/ueber-mich\/#breadcrumb"},"inLanguage":"de","potentialAction":[{"@type":"ReadAction","target":["https:\/\/buttersaeure.ch\/index.php\/ueber-mich\/"]}]},{"@type":"BreadcrumbList","@id":"https:\/\/buttersaeure.ch\/index.php\/ueber-mich\/#breadcrumb","itemListElement":[{"@type":"ListItem","position":1,"name":"Startseite","item":"https:\/\/buttersaeure.ch\/"},{"@type":"ListItem","position":2,"name":"Diskretion"}]},{"@type":"WebSite","@id":"https:\/\/buttersaeure.ch\/#website","url":"https:\/\/buttersaeure.ch\/","name":"Butters\u00e4ure Anschlag","description":"24 Stunden Service","potentialAction":[{"@type":"SearchAction","target":{"@type":"EntryPoint","urlTemplate":"https:\/\/buttersaeure.ch\/?s={search_term_string}"},"query-input":{"@type":"PropertyValueSpecification","valueRequired":true,"valueName":"search_term_string"}}],"inLanguage":"de"}]}},"_links":{"self":[{"href":"https:\/\/buttersaeure.ch\/index.php\/wp-json\/wp\/v2\/pages\/18","targetHints":{"allow":["GET"]}}],"collection":[{"href":"https:\/\/buttersaeure.ch\/index.php\/wp-json\/wp\/v2\/pages"}],"about":[{"href":"https:\/\/buttersaeure.ch\/index.php\/wp-json\/wp\/v2\/types\/page"}],"author":[{"embeddable":true,"href":"https:\/\/buttersaeure.ch\/index.php\/wp-json\/wp\/v2\/users\/1"}],"replies":[{"embeddable":true,"href":"https:\/\/buttersaeure.ch\/index.php\/wp-json\/wp\/v2\/comments?post=18"}],"version-history":[{"count":5,"href":"https:\/\/buttersaeure.ch\/index.php\/wp-json\/wp\/v2\/pages\/18\/revisions"}],"predecessor-version":[{"id":81,"href":"https:\/\/buttersaeure.ch\/index.php\/wp-json\/wp\/v2\/pages\/18\/revisions\/81"}],"wp:attachment":[{"href":"https:\/\/buttersaeure.ch\/index.php\/wp-json\/wp\/v2\/media?parent=18"}],"curies":[{"name":"wp","href":"https:\/\/api.w.org\/{rel}","templated":true}]}}